{"id":384,"date":"2024-07-08T15:28:18","date_gmt":"2024-07-08T12:28:18","guid":{"rendered":"https:\/\/mgeyapi.com\/?page_id=384"},"modified":"2024-11-14T09:55:26","modified_gmt":"2024-11-14T06:55:26","slug":"hakkimizda","status":"publish","type":"page","link":"https:\/\/mgeakaryakit.com\/index.php\/hakkimizda\/","title":{"rendered":"HAKKIMIZDA"},"content":{"rendered":"\n<p>\u015eirketimiz; akaryak\u0131t, nakliye, turizm ve in\u015faat sekt\u00f6rlerinde faaliyet g\u00f6stermekle birlikte ana faaliyet kolumuz, Toptan ve Perakende Akaryak\u0131t sat\u0131\u015f i\u015fletmecili\u011fidir.<br>2006 y\u0131l\u0131ndan g\u00fcn\u00fcm\u00fcze\u00a0akaryak\u0131t\u00a0sekt\u00f6r\u00fcnde faaliyet g\u00f6steren \u015firketimizin ad\u0131na kay\u0131tl\u0131 Mu\u011fla &#8211; Bay\u0131r\u2019da SHELL Akaryak\u0131t \u0130stasyonu, Mu\u011fla \u2013 Mente\u015fe\u2019de BP Akaryak\u0131t \u0130stasyonu Burdur \u2013 \u00c7eltek\u2019te TOTAL Akaryak\u0131t \u0130stasyonu, U\u015fak E\u015fmede Aytemiz Akaryak\u0131t istasyonu bulunmaktad\u0131r. \u0130stasyonlar\u0131m\u0131zda Toptan ve Perakende akaryak\u0131t sat\u0131\u015flar\u0131 yap\u0131lmaktad\u0131r.<br>\u015eirketimiz akaryak\u0131t nakliye filosu ile\u00a0nakliye\u00a0sekt\u00f6r\u00fcnde de m\u00fc\u015fterilerine hizmet vermektedir.<br>\u015eirketimiz, 2014 de Mu\u011fla \u2013 Marmaris\u2019te Rosy Hoteli sat\u0131n alarak turizm sekt\u00f6r\u00fcne giri\u015f yapm\u0131\u015ft\u0131r<br>\u015eirketimizin\u00a0in\u015faat\u00a0sekt\u00f6r\u00fcnde faaliyet g\u00f6steren kolu Efecik Yap\u0131, Mu\u011fla b\u00f6lgesinde konut in\u015faatlar\u0131 ve konut projeleriyle ya\u015fam alanlar\u0131 tasarlamaktad\u0131r.<br>Toplam Kalite Y\u00f6netiminin\u00a0\u00f6\u011fretilerini benimseyen \u015firketimiz, bu do\u011frultuda her zaman m\u00fc\u015fteri memnuniyeti ve sorumluluk bilinciyle m\u00fc\u015fterilerine hizmet vermektedir. <br>MGE ile \u00e7al\u0131\u015fmak, g\u00fcvenilir bir i\u015f orta\u011f\u0131yla uzun vadeli bir ili\u015fki kurmak anlam\u0131na gelir.<\/p>\n","protected":false},"excerpt":{"rendered":"<p>\u015eirketimiz; akaryak\u0131t, nakliye, turizm ve in\u015faat sekt\u00f6rlerinde faaliyet g\u00f6stermekle birlikte ana faaliyet kolumuz, Toptan ve Perakende Akaryak\u0131t sat\u0131\u015f i\u015fletmecili\u011fidir.2006 y\u0131l\u0131ndan g\u00fcn\u00fcm\u00fcze\u00a0akaryak\u0131t\u00a0sekt\u00f6r\u00fcnde faaliyet g\u00f6steren \u015firketimizin ad\u0131na kay\u0131tl\u0131 Mu\u011fla &#8211; Bay\u0131r\u2019da SHELL Akaryak\u0131t \u0130stasyonu, Mu\u011fla \u2013 Mente\u015fe\u2019de BP Akaryak\u0131t \u0130stasyonu Burdur \u2013 \u00c7eltek\u2019te TOTAL Akaryak\u0131t \u0130stasyonu, U\u015fak E\u015fmede Aytemiz Akaryak\u0131t istasyonu bulunmaktad\u0131r. \u0130stasyonlar\u0131m\u0131zda Toptan ve Perakende akaryak\u0131t [&hellip;]<\/p>\n","protected":false},"author":1,"featured_media":0,"parent":0,"menu_order":0,"comment_status":"closed","ping_status":"closed","template":"","meta":[],"_links":{"self":[{"href":"https:\/\/mgeakaryakit.com\/index.php\/wp-json\/wp\/v2\/pages\/384"}],"collection":[{"href":"https:\/\/mgeakaryakit.com\/index.php\/wp-json\/wp\/v2\/pages"}],"about":[{"href":"https:\/\/mgeakaryakit.com\/index.php\/wp-json\/wp\/v2\/types\/page"}],"author":[{"embeddable":true,"href":"https:\/\/mgeakaryakit.com\/index.php\/wp-json\/wp\/v2\/users\/1"}],"replies":[{"embeddable":true,"href":"https:\/\/mgeakaryakit.com\/index.php\/wp-json\/wp\/v2\/comments?post=384"}],"version-history":[{"count":4,"href":"https:\/\/mgeakaryakit.com\/index.php\/wp-json\/wp\/v2\/pages\/384\/revisions"}],"predecessor-version":[{"id":658,"href":"https:\/\/mgeakaryakit.com\/index.php\/wp-json\/wp\/v2\/pages\/384\/revisions\/658"}],"wp:attachment":[{"href":"https:\/\/mgeakaryakit.com\/index.php\/wp-json\/wp\/v2\/media?parent=384"}],"curies":[{"name":"wp","href":"https:\/\/api.w.org\/{rel}","templated":true}]}}