{"id":252,"date":"2024-06-14T10:17:48","date_gmt":"2024-06-14T07:17:48","guid":{"rendered":"https:\/\/mgeyapi.com\/?page_id=252"},"modified":"2024-06-14T14:31:18","modified_gmt":"2024-06-14T11:31:18","slug":"turizm","status":"publish","type":"page","link":"https:\/\/mgeakaryakit.com\/index.php\/turizm\/","title":{"rendered":"TUR\u0130ZM"},"content":{"rendered":"\n<h3>ROSY HOTEL<\/h3>\n\n\n\n<figure class=\"wp-block-image size-large is-resized\"><img loading=\"lazy\" src=\"https:\/\/images.trvl-media.com\/lodging\/9000000\/8690000\/8685900\/8685880\/b4563f4e.jpg?impolicy=resizecrop&amp;rw=1200&amp;ra=fit\" alt=\"\" width=\"622\" height=\"412\"\/><\/figure>\n\n\n\n<h3>Rosy Hotel<\/h3>\n\n\n\n<p>Rosy hotel Marmaris merkezde 3 y\u0131ld\u0131zl\u0131, denize ve \u015fehir merkezine 700m uzakl\u0131kta olup, <br>40 oda ve 1 engelli odas\u0131 ile hizmet sunmaktad\u0131r.\u00a0<\/p>\n\n\n\n<p><i class=\"fas fa-phone\"><\/i>&nbsp;0 252 412 40 05<\/p>\n\n\n\n<p>&nbsp;<i class=\"fas fa-phone\"><\/i>&nbsp;0 252 412 99 99<\/p>\n\n\n\n<p><i class=\"fas fa-envelope-circle-check\"><\/i> &nbsp;info@rosyhotel.net<\/p>\n\n\n\n<p>&nbsp;<i class=\"fas fa-location-dot\"><\/i> Kemeralt\u0131 Mah. 120. Sok. No:6 MARMAR\u0130S \/ MU\u011eLA<\/p>\n","protected":false},"excerpt":{"rendered":"<p>ROSY HOTEL Rosy Hotel Rosy hotel Marmaris merkezde 3 y\u0131ld\u0131zl\u0131, denize ve \u015fehir merkezine 700m uzakl\u0131kta olup, 40 oda ve 1 engelli odas\u0131 ile hizmet sunmaktad\u0131r.\u00a0 &nbsp;0 252 412 40 05 &nbsp;&nbsp;0 252 412 99 99 &nbsp;info@rosyhotel.net &nbsp; Kemeralt\u0131 Mah. 120. Sok. No:6 MARMAR\u0130S \/ MU\u011eLA<\/p>\n","protected":false},"author":1,"featured_media":0,"parent":0,"menu_order":0,"comment_status":"closed","ping_status":"closed","template":"","meta":[],"_links":{"self":[{"href":"https:\/\/mgeakaryakit.com\/index.php\/wp-json\/wp\/v2\/pages\/252"}],"collection":[{"href":"https:\/\/mgeakaryakit.com\/index.php\/wp-json\/wp\/v2\/pages"}],"about":[{"href":"https:\/\/mgeakaryakit.com\/index.php\/wp-json\/wp\/v2\/types\/page"}],"author":[{"embeddable":true,"href":"https:\/\/mgeakaryakit.com\/index.php\/wp-json\/wp\/v2\/users\/1"}],"replies":[{"embeddable":true,"href":"https:\/\/mgeakaryakit.com\/index.php\/wp-json\/wp\/v2\/comments?post=252"}],"version-history":[{"count":6,"href":"https:\/\/mgeakaryakit.com\/index.php\/wp-json\/wp\/v2\/pages\/252\/revisions"}],"predecessor-version":[{"id":350,"href":"https:\/\/mgeakaryakit.com\/index.php\/wp-json\/wp\/v2\/pages\/252\/revisions\/350"}],"wp:attachment":[{"href":"https:\/\/mgeakaryakit.com\/index.php\/wp-json\/wp\/v2\/media?parent=252"}],"curies":[{"name":"wp","href":"https:\/\/api.w.org\/{rel}","templated":true}]}}