{"id":219,"date":"2024-06-13T18:00:11","date_gmt":"2024-06-13T15:00:11","guid":{"rendered":"https:\/\/mgeyapi.com\/?page_id=219"},"modified":"2024-07-23T11:41:25","modified_gmt":"2024-07-23T08:41:25","slug":"akaryakit","status":"publish","type":"page","link":"https:\/\/mgeakaryakit.com\/index.php\/akaryakit\/","title":{"rendered":"AKARYAKIT"},"content":{"rendered":"\n<div class=\"wp-block-group\"><div class=\"wp-block-group__inner-container\">\n<h1 class=\"has-text-color\" style=\"color:#2847c2\">Shell Bay\u0131r<\/h1>\n\n\n\n<figure class=\"wp-block-image size-large\"><img loading=\"lazy\" width=\"800\" height=\"600\" src=\"https:\/\/mgeyapi.com\/wp-content\/uploads\/2024\/07\/bayir.jpg\" alt=\"\" class=\"wp-image-524\" srcset=\"https:\/\/mgeakaryakit.com\/wp-content\/uploads\/2024\/07\/bayir.jpg 800w, https:\/\/mgeakaryakit.com\/wp-content\/uploads\/2024\/07\/bayir-300x225.jpg 300w, https:\/\/mgeakaryakit.com\/wp-content\/uploads\/2024\/07\/bayir-768x576.jpg 768w\" sizes=\"(max-width: 800px) 100vw, 800px\" \/><\/figure>\n\n\n\n<p>Shell Bay\u0131r istasyonumuz 2006 y\u0131l\u0131nda faaliyete ge\u00e7mi\u015f olup ayn\u0131 zamanda \u015firketimizin merkezidir. <br>\u015eirket t\u00fcm toptan akaryak\u0131t operasyonunu buradan y\u00fcr\u00fctmektedir.<\/p>\n\n\n\n<p><i class=\"fas fa-phone\"><\/i>&nbsp; 0252 225 50 29<\/p>\n\n\n\n<p><i class=\"fas fa-phone\"><\/i>&nbsp;&nbsp;0252 225 43 08<\/p>\n\n\n\n<p><i class=\"fas fa-envelope-circle-check\"><\/i>&nbsp; genelmuhasebe@mgeakaryakit.com<\/p>\n\n\n\n<p><i class=\"fas fa-location-dot\"><\/i> Bay\u0131r Mh. Mu\u011fla Ayd\u0131n Karayolu K\u00fcme Evleri No:1 MENTE\u015eE\/MU\u011eLA<\/p>\n\n\n\n<p><\/p>\n<\/div><\/div>\n\n\n\n<div class=\"wp-block-columns\">\n<div class=\"wp-block-column is-vertically-aligned-center\" style=\"flex-basis:100%\">\n<hr class=\"wp-block-separator is-style-wide\"\/>\n\n\n\n<h1 class=\"has-text-color\" style=\"color:#2847c2\">BP Mu\u011fla<\/h1>\n\n\n\n<figure class=\"wp-block-image size-large\"><img loading=\"lazy\" width=\"800\" height=\"600\" src=\"https:\/\/mgeyapi.com\/wp-content\/uploads\/2024\/07\/bp.jpg\" alt=\"\" class=\"wp-image-526\" srcset=\"https:\/\/mgeakaryakit.com\/wp-content\/uploads\/2024\/07\/bp.jpg 800w, https:\/\/mgeakaryakit.com\/wp-content\/uploads\/2024\/07\/bp-300x225.jpg 300w, https:\/\/mgeakaryakit.com\/wp-content\/uploads\/2024\/07\/bp-768x576.jpg 768w\" sizes=\"(max-width: 800px) 100vw, 800px\" \/><\/figure>\n\n\n\n<p>BP Mu\u011fla istasyonumuz lokasyon olarak \u015fehir merkezinde olup Mu\u011fla\u2019n\u0131n \u00f6nemli<br>AVM\u2019lerinin bulundu\u011fu bir konumda hizmet vermektedir.<\/p>\n\n\n\n<p><br><i class=\"fas fa-phone\"><\/i>&nbsp;0252 214 51 00<\/p>\n\n\n\n<p>&nbsp;<i class=\"fas fa-envelope-circle-check\"><\/i> bilgi@mgeakaryakit.com <br><br>&nbsp;<i class=\"fas fa-location-dot\"><\/i>&nbsp;Emirbeyaz\u0131t Mh. U\u011fur Mumcu Bulvar\u0131 No: 58 MENTE\u015eE\/MU\u011eLA<\/p>\n\n\n\n<p><\/p>\n<\/div>\n<\/div>\n\n\n\n<hr class=\"wp-block-separator is-style-wide\"\/>\n\n\n\n<h1 class=\"has-text-color\" style=\"color:#2847c2\">Total Burdur<\/h1>\n\n\n\n<figure class=\"wp-block-image size-large\"><img loading=\"lazy\" width=\"800\" height=\"600\" src=\"https:\/\/mgeyapi.com\/wp-content\/uploads\/2024\/07\/burdur.jpg\" alt=\"\" class=\"wp-image-527\" srcset=\"https:\/\/mgeakaryakit.com\/wp-content\/uploads\/2024\/07\/burdur.jpg 800w, https:\/\/mgeakaryakit.com\/wp-content\/uploads\/2024\/07\/burdur-300x225.jpg 300w, https:\/\/mgeakaryakit.com\/wp-content\/uploads\/2024\/07\/burdur-768x576.jpg 768w\" sizes=\"(max-width: 800px) 100vw, 800px\" \/><\/figure>\n\n\n\n<p>Total Burdur istasyonumuz, Toptan akaryak\u0131t sat\u0131\u015flar\u0131m\u0131z\u0131n a\u011f\u0131rl\u0131kl\u0131 oldu\u011fu \u015fubemizdir.<br><br>&nbsp;<i class=\"fas fa-phone\"><\/i> 0 545 937 30 59<\/p>\n\n\n\n<p>&nbsp;<i class=\"fas fa-envelope-circle-check\"><\/i> &nbsp;genelmuhasebe@mgeakaryakit.com<\/p>\n\n\n\n<p>&nbsp;&nbsp;<i class=\"fas fa-location-dot\"><\/i> Burdur Cad. No:1 A\/A \u00c7eltek K\u00f6y\u00fc K\u00f6yi\u00e7i Mevkii YE\u015e\u0130LOVA \/ BURDUR<\/p>\n\n\n\n<h1 class=\"has-text-color\" style=\"color:#2847c2\">Aytemiz U\u015fak<\/h1>\n\n\n\n<figure class=\"wp-block-image size-large\"><img loading=\"lazy\" width=\"864\" height=\"441\" src=\"https:\/\/mgeyapi.com\/wp-content\/uploads\/2024\/07\/AYTEMIZ.jpg\" alt=\"\" class=\"wp-image-528\" srcset=\"https:\/\/mgeakaryakit.com\/wp-content\/uploads\/2024\/07\/AYTEMIZ.jpg 864w, https:\/\/mgeakaryakit.com\/wp-content\/uploads\/2024\/07\/AYTEMIZ-300x153.jpg 300w, https:\/\/mgeakaryakit.com\/wp-content\/uploads\/2024\/07\/AYTEMIZ-768x392.jpg 768w\" sizes=\"(max-width: 864px) 100vw, 864px\" \/><\/figure>\n\n\n\n<p><br>\u0130stasyonumuz toptan akaryak\u0131t operasyonumuzu b\u00fcy\u00fctmek ve b\u00f6lgesel geni\u015flemek i\u00e7in faaliyet g\u00f6stermektedir.<br><br><i class=\"fas fa-location-dot\"><\/i> Yele\u011fen beldesi istiklal mahallesi E\u015fme caddesi no :4 E\u015fme\/ U\u015fa<\/p>\n","protected":false},"excerpt":{"rendered":"<p>BP Mu\u011fla BP Mu\u011fla istasyonumuz lokasyon olarak \u015fehir merkezinde olup Mu\u011fla\u2019n\u0131n \u00f6nemliAVM\u2019lerinin bulundu\u011fu bir konumda hizmet vermektedir. &nbsp;0252 214 51 00 &nbsp; bilgi@mgeakaryakit.com &nbsp;&nbsp;Emirbeyaz\u0131t Mh. U\u011fur Mumcu Bulvar\u0131 No: 58 MENTE\u015eE\/MU\u011eLA Total Burdur Total Burdur istasyonumuz, Toptan akaryak\u0131t sat\u0131\u015flar\u0131m\u0131z\u0131n a\u011f\u0131rl\u0131kl\u0131 oldu\u011fu \u015fubemizdir. &nbsp; 0 545 937 30 59 &nbsp; &nbsp;genelmuhasebe@mgeakaryakit.com &nbsp;&nbsp; Burdur Cad. No:1 A\/A [&hellip;]<\/p>\n","protected":false},"author":1,"featured_media":0,"parent":0,"menu_order":0,"comment_status":"closed","ping_status":"closed","template":"","meta":[],"_links":{"self":[{"href":"https:\/\/mgeakaryakit.com\/index.php\/wp-json\/wp\/v2\/pages\/219"}],"collection":[{"href":"https:\/\/mgeakaryakit.com\/index.php\/wp-json\/wp\/v2\/pages"}],"about":[{"href":"https:\/\/mgeakaryakit.com\/index.php\/wp-json\/wp\/v2\/types\/page"}],"author":[{"embeddable":true,"href":"https:\/\/mgeakaryakit.com\/index.php\/wp-json\/wp\/v2\/users\/1"}],"replies":[{"embeddable":true,"href":"https:\/\/mgeakaryakit.com\/index.php\/wp-json\/wp\/v2\/comments?post=219"}],"version-history":[{"count":16,"href":"https:\/\/mgeakaryakit.com\/index.php\/wp-json\/wp\/v2\/pages\/219\/revisions"}],"predecessor-version":[{"id":532,"href":"https:\/\/mgeakaryakit.com\/index.php\/wp-json\/wp\/v2\/pages\/219\/revisions\/532"}],"wp:attachment":[{"href":"https:\/\/mgeakaryakit.com\/index.php\/wp-json\/wp\/v2\/media?parent=219"}],"curies":[{"name":"wp","href":"https:\/\/api.w.org\/{rel}","templated":true}]}}